{"id":6023,"date":"2025-12-23T15:37:05","date_gmt":"2025-12-23T14:37:05","guid":{"rendered":"https:\/\/www.palaislamrani.net\/en\/?page_id=6023"},"modified":"2025-12-30T16:41:29","modified_gmt":"2025-12-30T15:41:29","slug":"the-palace-journal","status":"publish","type":"page","link":"https:\/\/www.palaislamrani.net\/en\/the-palace-journal\/","title":{"rendered":"The Palace Journal"},"content":{"rendered":"\t\t<div data-elementor-type=\"wp-page\" data-elementor-id=\"6023\" class=\"elementor elementor-6023\" data-elementor-post-type=\"page\">\n\t\t\t\t\t\t<section class=\"elementor-section elementor-top-section elementor-element elementor-element-6fd7a2a3 elementor-section-stretched elementor-section-boxed elementor-section-height-default elementor-section-height-default\" data-id=\"6fd7a2a3\" data-element_type=\"section\" data-settings=\"{&quot;stretch_section&quot;:&quot;section-stretched&quot;,&quot;background_background&quot;:&quot;classic&quot;}\">\n\t\t\t\t\t\t\t<div class=\"elementor-background-overlay\"><\/div>\n\t\t\t\t\t\t\t<div class=\"elementor-container elementor-column-gap-no\">\n\t\t\t\t\t<div class=\"elementor-column elementor-col-100 elementor-top-column elementor-element elementor-element-10c94e2c dark-color\" data-id=\"10c94e2c\" data-element_type=\"column\" data-settings=\"{&quot;background_background&quot;:&quot;classic&quot;}\">\n\t\t\t<div class=\"elementor-widget-wrap elementor-element-populated\">\n\t\t\t\t\t<div class=\"elementor-background-overlay\"><\/div>\n\t\t\t\t\t\t<section class=\"elementor-section elementor-inner-section elementor-element elementor-element-38327db elementor-section-boxed elementor-section-height-default elementor-section-height-default\" data-id=\"38327db\" data-element_type=\"section\">\n\t\t\t\t\t\t<div class=\"elementor-container elementor-column-gap-wide\">\n\t\t\t\t\t<div class=\"elementor-column elementor-col-100 elementor-inner-column elementor-element elementor-element-1ac83eda\" data-id=\"1ac83eda\" data-element_type=\"column\">\n\t\t\t<div class=\"elementor-widget-wrap elementor-element-populated\">\n\t\t\t\t\t\t<div class=\"elementor-element elementor-element-97f9dcf animated-slow elementor-widget elementor-widget-cs_title\" data-id=\"97f9dcf\" data-element_type=\"widget\" data-settings=\"{&quot;_animation&quot;:&quot;none&quot;}\" data-widget_type=\"cs_title.default\">\n\t\t\t\t<div class=\"elementor-widget-container\">\n\t\t\t\t\t\n        <div class=\"cs-title-wrap text-center\">\t            <div class=\"cs-subtitle-wrap\"><span class=\"cs-subtitle color-white\">Blog<\/span><\/div>\t            <h1 class=\"cs-title\">\n\t                The Palace Journal \t            <\/h1>\t            <div class=\"cs-title-text\">\n\t                <em>The Palace Journal  invite you to dive into the world of Palais Lamrani through articles dedicated to the art of living, heritage, and the inspirations that shape the soul of this remarkable place.<\/em>\t            <\/div>        <\/div>\t\t\t\t<\/div>\n\t\t\t\t<\/div>\n\t\t\t\t\t<\/div>\n\t\t<\/div>\n\t\t\t\t\t<\/div>\n\t\t<\/section>\n\t\t\t\t\t<\/div>\n\t\t<\/div>\n\t\t\t\t\t<\/div>\n\t\t<\/section>\n\t\t\t\t<section class=\"elementor-section elementor-top-section elementor-element elementor-element-246cf864 elementor-section-boxed elementor-section-height-default elementor-section-height-default\" data-id=\"246cf864\" data-element_type=\"section\">\n\t\t\t\t\t\t<div class=\"elementor-container elementor-column-gap-no\">\n\t\t\t\t\t<div class=\"elementor-column elementor-col-100 elementor-top-column elementor-element elementor-element-4aef8231\" data-id=\"4aef8231\" data-element_type=\"column\">\n\t\t\t<div class=\"elementor-widget-wrap elementor-element-populated\">\n\t\t\t\t\t\t<div class=\"elementor-element elementor-element-fbe69e7 elementor-widget elementor-widget-cs_blog\" data-id=\"fbe69e7\" data-element_type=\"widget\" data-widget_type=\"cs_blog.default\">\n\t\t\t\t<div class=\"elementor-widget-container\">\n\t\t\t\t\t\t\t\t\t<div class=\"posts layout-overlay column-2 layout-grid img-ratio-3-2\">\n\t\t\t\t\t\t\t\t\t<div class=\"posts-wrapper\">\n<article class=\"post-6006 post type-post status-publish format-standard has-post-thumbnail hentry category-news-insights\">\n            <div class=\"featured-img\">\n        \t<a href=\"https:\/\/www.palaislamrani.net\/en\/a-historic-and-sensory-gem-in-the-heart-of-marrakech\/\"><img fetchpriority=\"high\" decoding=\"async\" width=\"780\" height=\"396\" src=\"https:\/\/www.palaislamrani.net\/en\/wp-content\/uploads\/2025\/12\/A-Historic-and-Sensory-Gem-in-the-Heart-of-Marrakech-780x396.webp\" class=\"attachment-cozystay_780x9999 size-cozystay_780x9999 wp-post-image image-layout-overlay-column-2\" alt=\"A Historic and Sensory Gem in the Heart of Marrakech\" srcset=\"https:\/\/www.palaislamrani.net\/en\/wp-content\/uploads\/2025\/12\/A-Historic-and-Sensory-Gem-in-the-Heart-of-Marrakech-780x396.webp 780w, https:\/\/www.palaislamrani.net\/en\/wp-content\/uploads\/2025\/12\/A-Historic-and-Sensory-Gem-in-the-Heart-of-Marrakech-300x152.webp 300w, https:\/\/www.palaislamrani.net\/en\/wp-content\/uploads\/2025\/12\/A-Historic-and-Sensory-Gem-in-the-Heart-of-Marrakech-1024x520.webp 1024w, https:\/\/www.palaislamrani.net\/en\/wp-content\/uploads\/2025\/12\/A-Historic-and-Sensory-Gem-in-the-Heart-of-Marrakech-768x390.webp 768w, https:\/\/www.palaislamrani.net\/en\/wp-content\/uploads\/2025\/12\/A-Historic-and-Sensory-Gem-in-the-Heart-of-Marrakech-1200x609.webp 1200w, https:\/\/www.palaislamrani.net\/en\/wp-content\/uploads\/2025\/12\/A-Historic-and-Sensory-Gem-in-the-Heart-of-Marrakech-600x305.webp 600w, https:\/\/www.palaislamrani.net\/en\/wp-content\/uploads\/2025\/12\/A-Historic-and-Sensory-Gem-in-the-Heart-of-Marrakech-550x279.webp 550w, https:\/\/www.palaislamrani.net\/en\/wp-content\/uploads\/2025\/12\/A-Historic-and-Sensory-Gem-in-the-Heart-of-Marrakech-370x188.webp 370w, https:\/\/www.palaislamrani.net\/en\/wp-content\/uploads\/2025\/12\/A-Historic-and-Sensory-Gem-in-the-Heart-of-Marrakech-255x129.webp 255w, https:\/\/www.palaislamrani.net\/en\/wp-content\/uploads\/2025\/12\/A-Historic-and-Sensory-Gem-in-the-Heart-of-Marrakech.webp 1280w\" sizes=\"(max-width: 780px) 100vw, 780px\" \/><\/a>        <\/div>            <div class=\"overlay-label time-label featured-style\">\n                <div class=\"meta-item time\">\n                    <time class=\"published\" datetime=\"2025-12-15T17:04:38+01:00\">\n                        <span class=\"month\">Dec<\/span> <span class=\"day\">15<\/span>\n                    <\/time>\n                <\/div>\n            <\/div>\n    <div class=\"post-content\">\n        <header class=\"post-header\">            <div class=\"meta-wrap\">\t\t\t<div class=\"cat-links\"><a href=\"https:\/\/www.palaislamrani.net\/en\/category\/news-insights\/\" rel=\"tag\">News &amp; Insights<\/a><\/div>            <\/div>    <h2 class=\"post-title\">\n        <a href=\"https:\/\/www.palaislamrani.net\/en\/a-historic-and-sensory-gem-in-the-heart-of-marrakech\/\">A Historic and Sensory Gem in the Heart of Marrakech<\/a>\n    <\/h2>        <\/header>\t\t<div class=\"post-excerpt\"><p>Nestled in the heart of Marrakech\u2019s medina, Palais Lamrani embodies &#8230;<\/p>\n<\/div>     <\/div>\n<\/article>\n\n<article class=\"post-6003 post type-post status-publish format-standard has-post-thumbnail hentry category-news-insights\">\n            <div class=\"featured-img\">\n        \t<a href=\"https:\/\/www.palaislamrani.net\/en\/lart-de-vivre-marocain-au-palais-lamrani\/\"><img decoding=\"async\" width=\"780\" height=\"396\" src=\"https:\/\/www.palaislamrani.net\/en\/wp-content\/uploads\/2025\/12\/The-Moroccan-Art-of-Living-at-Palais-Lamrani-780x396.webp\" class=\"attachment-cozystay_780x9999 size-cozystay_780x9999 wp-post-image image-layout-overlay-column-2\" alt=\"The Moroccan Art of Living at Palais Lamrani\" srcset=\"https:\/\/www.palaislamrani.net\/en\/wp-content\/uploads\/2025\/12\/The-Moroccan-Art-of-Living-at-Palais-Lamrani-780x396.webp 780w, https:\/\/www.palaislamrani.net\/en\/wp-content\/uploads\/2025\/12\/The-Moroccan-Art-of-Living-at-Palais-Lamrani-300x152.webp 300w, https:\/\/www.palaislamrani.net\/en\/wp-content\/uploads\/2025\/12\/The-Moroccan-Art-of-Living-at-Palais-Lamrani-1024x520.webp 1024w, https:\/\/www.palaislamrani.net\/en\/wp-content\/uploads\/2025\/12\/The-Moroccan-Art-of-Living-at-Palais-Lamrani-768x390.webp 768w, https:\/\/www.palaislamrani.net\/en\/wp-content\/uploads\/2025\/12\/The-Moroccan-Art-of-Living-at-Palais-Lamrani-1200x609.webp 1200w, https:\/\/www.palaislamrani.net\/en\/wp-content\/uploads\/2025\/12\/The-Moroccan-Art-of-Living-at-Palais-Lamrani-600x305.webp 600w, https:\/\/www.palaislamrani.net\/en\/wp-content\/uploads\/2025\/12\/The-Moroccan-Art-of-Living-at-Palais-Lamrani-550x279.webp 550w, https:\/\/www.palaislamrani.net\/en\/wp-content\/uploads\/2025\/12\/The-Moroccan-Art-of-Living-at-Palais-Lamrani-370x188.webp 370w, https:\/\/www.palaislamrani.net\/en\/wp-content\/uploads\/2025\/12\/The-Moroccan-Art-of-Living-at-Palais-Lamrani-255x129.webp 255w, https:\/\/www.palaislamrani.net\/en\/wp-content\/uploads\/2025\/12\/The-Moroccan-Art-of-Living-at-Palais-Lamrani.webp 1280w\" sizes=\"(max-width: 780px) 100vw, 780px\" \/><\/a>        <\/div>            <div class=\"overlay-label time-label featured-style\">\n                <div class=\"meta-item time\">\n                    <time class=\"published\" datetime=\"2025-12-15T17:00:24+01:00\">\n                        <span class=\"month\">Dec<\/span> <span class=\"day\">15<\/span>\n                    <\/time>\n                <\/div>\n            <\/div>\n    <div class=\"post-content\">\n        <header class=\"post-header\">            <div class=\"meta-wrap\">\t\t\t<div class=\"cat-links\"><a href=\"https:\/\/www.palaislamrani.net\/en\/category\/news-insights\/\" rel=\"tag\">News &amp; Insights<\/a><\/div>            <\/div>    <h2 class=\"post-title\">\n        <a href=\"https:\/\/www.palaislamrani.net\/en\/lart-de-vivre-marocain-au-palais-lamrani\/\">The Moroccan Art of Living at Palais Lamrani<\/a>\n    <\/h2>        <\/header>\t\t<div class=\"post-excerpt\"><p>Nestled in the heart of Marrakech\u2019s medina, Palais Lamrani stands &#8230;<\/p>\n<\/div>     <\/div>\n<\/article>\n\n<article class=\"post-5970 post type-post status-publish format-standard has-post-thumbnail hentry category-press-releases\">\n            <div class=\"featured-img\">\n        \t<a href=\"https:\/\/www.palaislamrani.net\/en\/une-soiree-dexception-pour-la-saint-sylvestre-au-riad-lamrani\/\"><img decoding=\"async\" width=\"780\" height=\"396\" src=\"https:\/\/www.palaislamrani.net\/en\/wp-content\/uploads\/2025\/12\/An-Exceptional-New-Years-Eve-Celebration-at-Riad-Lamrani-780x396.webp\" class=\"attachment-cozystay_780x9999 size-cozystay_780x9999 wp-post-image image-layout-overlay-column-2\" alt=\"An Exceptional New Year\u2019s Eve Celebration at Riad Lamrani\" srcset=\"https:\/\/www.palaislamrani.net\/en\/wp-content\/uploads\/2025\/12\/An-Exceptional-New-Years-Eve-Celebration-at-Riad-Lamrani-780x396.webp 780w, https:\/\/www.palaislamrani.net\/en\/wp-content\/uploads\/2025\/12\/An-Exceptional-New-Years-Eve-Celebration-at-Riad-Lamrani-300x152.webp 300w, https:\/\/www.palaislamrani.net\/en\/wp-content\/uploads\/2025\/12\/An-Exceptional-New-Years-Eve-Celebration-at-Riad-Lamrani-1024x520.webp 1024w, https:\/\/www.palaislamrani.net\/en\/wp-content\/uploads\/2025\/12\/An-Exceptional-New-Years-Eve-Celebration-at-Riad-Lamrani-768x390.webp 768w, https:\/\/www.palaislamrani.net\/en\/wp-content\/uploads\/2025\/12\/An-Exceptional-New-Years-Eve-Celebration-at-Riad-Lamrani-1200x609.webp 1200w, https:\/\/www.palaislamrani.net\/en\/wp-content\/uploads\/2025\/12\/An-Exceptional-New-Years-Eve-Celebration-at-Riad-Lamrani-600x305.webp 600w, https:\/\/www.palaislamrani.net\/en\/wp-content\/uploads\/2025\/12\/An-Exceptional-New-Years-Eve-Celebration-at-Riad-Lamrani-550x279.webp 550w, https:\/\/www.palaislamrani.net\/en\/wp-content\/uploads\/2025\/12\/An-Exceptional-New-Years-Eve-Celebration-at-Riad-Lamrani-370x188.webp 370w, https:\/\/www.palaislamrani.net\/en\/wp-content\/uploads\/2025\/12\/An-Exceptional-New-Years-Eve-Celebration-at-Riad-Lamrani-255x129.webp 255w, https:\/\/www.palaislamrani.net\/en\/wp-content\/uploads\/2025\/12\/An-Exceptional-New-Years-Eve-Celebration-at-Riad-Lamrani.webp 1280w\" sizes=\"(max-width: 780px) 100vw, 780px\" \/><\/a>        <\/div>            <div class=\"overlay-label time-label featured-style\">\n                <div class=\"meta-item time\">\n                    <time class=\"published\" datetime=\"2025-12-15T16:34:11+01:00\">\n                        <span class=\"month\">Dec<\/span> <span class=\"day\">15<\/span>\n                    <\/time>\n                <\/div>\n            <\/div>\n    <div class=\"post-content\">\n        <header class=\"post-header\">            <div class=\"meta-wrap\">\t\t\t<div class=\"cat-links\"><a href=\"https:\/\/www.palaislamrani.net\/en\/category\/press-releases\/\" rel=\"tag\">Press Releases<\/a><\/div>            <\/div>    <h2 class=\"post-title\">\n        <a href=\"https:\/\/www.palaislamrani.net\/en\/une-soiree-dexception-pour-la-saint-sylvestre-au-riad-lamrani\/\">An Exceptional New Year\u2019s Eve Celebration at Riad Lamrani<\/a>\n    <\/h2>        <\/header>\t\t<div class=\"post-excerpt\"><p> \u00c0 l\u2019occasion de la Saint-Sylvestre, ce lieu d\u2019exception se transforme en un \u00e9crin de c\u00e9l\u00e9bration o\u00f9 la gastronomie, l\u2019atmosph\u00e8re et le raffinement se rencontrent harmonieusement.<\/p>\n<\/div>     <\/div>\n<\/article>\n\t\t\t\t<\/div>\t\t\t\t<\/div>\t\t\t\t<\/div>\n\t\t\t\t<\/div>\n\t\t\t\t\t<\/div>\n\t\t<\/div>\n\t\t\t\t\t<\/div>\n\t\t<\/section>\n\t\t\t\t<\/div>\n\t\t","protected":false},"excerpt":{"rendered":"<p>Blog The Palace Journal The Palace Journal invite you to dive into the world of Palais Lamrani through articles dedicated to the art of living, heritage, and the inspirations that shape the soul of this remarkable place. Dec 15 News &amp; Insights A Historic and Sensory Gem in the Heart of Marrakech Nestled in the &#8230;<\/p>\n","protected":false},"author":2,"featured_media":0,"parent":0,"menu_order":0,"comment_status":"closed","ping_status":"closed","template":"template-wide-content.php","meta":{"cozystay_single_page_hide_site_header":"","cozystay_single_page_site_header_source":"","cozystay_single_page_custom_site_header":"0","cozystay_single_page_custom_sticky_site_header":"0","cozystay_single_page_hide_page_title":"on","cozystay_single_page_header_section_size":"","cozystay_single_page_header_background_color":"","cozystay_single_page_header_background_position_x":"center","cozystay_single_page_header_background_position_y":"center","cozystay_single_page_header_background_size":"cover","cozystay_single_page_header_background_repeat":"off","cozystay_single_page_header_background_scroll":"on","cozystay_single_page_header_text_color":"","cozystay_single_page_header_show_breadcrumb":"","cozystay_single_page_site_footer_hide_main":"","cozystay_single_custom_site_footer_main_source":"","cozystay_single_custom_site_footer_main":"0","cozystay_single_page_site_footer_hide_above":"","cozystay_single_custom_site_footer_above_source":"","cozystay_single_custom_site_footer_above":"0","cozystay_single_page_site_footer_hide_instagram":"","cozystay_single_page_site_footer_hide_bottom":"","cozystay_single_custom_mobile_menu_source":"","cozystay_single_custom_mobile_menu":"0","cozystay_single_custom_mobile_menu_animation":"","cozystay_single_custom_mobile_menu_width":"","cozystay_single_custom_mobile_menu_custom_width":375,"footnotes":""},"class_list":["post-6023","page","type-page","status-publish","hentry"],"yoast_head":"<!-- This site is optimized with the Yoast SEO plugin v26.6 - https:\/\/yoast.com\/wordpress\/plugins\/seo\/ -->\n<title>The Palace Journal - Riad Palais Lamrani<\/title>\n<meta name=\"description\" content=\"The Palace Journal immerses you in the world of Palais Lamrani through articles on the art of living and the soul of this exceptional place.\" \/>\n<meta name=\"robots\" content=\"index, follow, max-snippet:-1, max-image-preview:large, max-video-preview:-1\" \/>\n<link rel=\"canonical\" href=\"https:\/\/www.palaislamrani.net\/en\/the-palace-journal\/\" \/>\n<meta property=\"og:locale\" content=\"en_US\" \/>\n<meta property=\"og:type\" content=\"article\" \/>\n<meta property=\"og:title\" content=\"The Palace Journal - Riad Palais Lamrani\" \/>\n<meta property=\"og:description\" content=\"The Palace Journal immerses you in the world of Palais Lamrani through articles on the art of living and the soul of this exceptional place.\" \/>\n<meta property=\"og:url\" content=\"https:\/\/www.palaislamrani.net\/en\/the-palace-journal\/\" \/>\n<meta property=\"og:site_name\" content=\"Palais Laamrani\" \/>\n<meta property=\"article:modified_time\" content=\"2025-12-30T15:41:29+00:00\" \/>\n<meta property=\"og:image\" content=\"https:\/\/www.palaislamrani.net\/en\/wp-content\/uploads\/2025\/12\/A-Historic-and-Sensory-Gem-in-the-Heart-of-Marrakech-780x396.webp\" \/>\n<meta name=\"twitter:card\" content=\"summary_large_image\" \/>\n<meta name=\"twitter:label1\" content=\"Est. reading time\" \/>\n\t<meta name=\"twitter:data1\" content=\"2 minutes\" \/>\n<script type=\"application\/ld+json\" class=\"yoast-schema-graph\">{\"@context\":\"https:\/\/schema.org\",\"@graph\":[{\"@type\":\"WebPage\",\"@id\":\"https:\/\/www.palaislamrani.net\/en\/the-palace-journal\/\",\"url\":\"https:\/\/www.palaislamrani.net\/en\/the-palace-journal\/\",\"name\":\"The Palace Journal - Riad Palais Lamrani\",\"isPartOf\":{\"@id\":\"https:\/\/www.palaislamrani.com\/#website\"},\"primaryImageOfPage\":{\"@id\":\"https:\/\/www.palaislamrani.net\/en\/the-palace-journal\/#primaryimage\"},\"image\":{\"@id\":\"https:\/\/www.palaislamrani.net\/en\/the-palace-journal\/#primaryimage\"},\"thumbnailUrl\":\"https:\/\/www.palaislamrani.net\/en\/wp-content\/uploads\/2025\/12\/A-Historic-and-Sensory-Gem-in-the-Heart-of-Marrakech-780x396.webp\",\"datePublished\":\"2025-12-23T14:37:05+00:00\",\"dateModified\":\"2025-12-30T15:41:29+00:00\",\"description\":\"The Palace Journal immerses you in the world of Palais Lamrani through articles on the art of living and the soul of this exceptional place.\",\"breadcrumb\":{\"@id\":\"https:\/\/www.palaislamrani.net\/en\/the-palace-journal\/#breadcrumb\"},\"inLanguage\":\"en-US\",\"potentialAction\":[{\"@type\":\"ReadAction\",\"target\":[\"https:\/\/www.palaislamrani.net\/en\/the-palace-journal\/\"]}]},{\"@type\":\"ImageObject\",\"inLanguage\":\"en-US\",\"@id\":\"https:\/\/www.palaislamrani.net\/en\/the-palace-journal\/#primaryimage\",\"url\":\"https:\/\/www.palaislamrani.net\/en\/wp-content\/uploads\/2025\/12\/A-Historic-and-Sensory-Gem-in-the-Heart-of-Marrakech-780x396.webp\",\"contentUrl\":\"https:\/\/www.palaislamrani.net\/en\/wp-content\/uploads\/2025\/12\/A-Historic-and-Sensory-Gem-in-the-Heart-of-Marrakech-780x396.webp\"},{\"@type\":\"BreadcrumbList\",\"@id\":\"https:\/\/www.palaislamrani.net\/en\/the-palace-journal\/#breadcrumb\",\"itemListElement\":[{\"@type\":\"ListItem\",\"position\":1,\"name\":\"Home\",\"item\":\"https:\/\/www.palaislamrani.net\/en\/\"},{\"@type\":\"ListItem\",\"position\":2,\"name\":\"The Palace Journal\"}]},{\"@type\":\"WebSite\",\"@id\":\"https:\/\/www.palaislamrani.com\/#website\",\"url\":\"https:\/\/www.palaislamrani.com\/\",\"name\":\"Palais Laamrani\",\"description\":\"\",\"publisher\":{\"@id\":\"https:\/\/www.palaislamrani.com\/#organization\"},\"potentialAction\":[{\"@type\":\"SearchAction\",\"target\":{\"@type\":\"EntryPoint\",\"urlTemplate\":\"https:\/\/www.palaislamrani.com\/?s={search_term_string}\"},\"query-input\":{\"@type\":\"PropertyValueSpecification\",\"valueRequired\":true,\"valueName\":\"search_term_string\"}}],\"inLanguage\":\"en-US\"},{\"@type\":\"Organization\",\"@id\":\"https:\/\/www.palaislamrani.com\/#organization\",\"name\":\"Palais Laamrani\",\"url\":\"https:\/\/www.palaislamrani.com\/\",\"logo\":{\"@type\":\"ImageObject\",\"inLanguage\":\"en-US\",\"@id\":\"https:\/\/www.palaislamrani.com\/#\/schema\/logo\/image\/\",\"url\":\"https:\/\/www.palaislamrani.net\/en\/wp-content\/uploads\/2025\/12\/Riad-Restaurant-in-the-medinas-of-Marrakech.webp\",\"contentUrl\":\"https:\/\/www.palaislamrani.net\/en\/wp-content\/uploads\/2025\/12\/Riad-Restaurant-in-the-medinas-of-Marrakech.webp\",\"width\":300,\"height\":119,\"caption\":\"Palais Laamrani\"},\"image\":{\"@id\":\"https:\/\/www.palaislamrani.com\/#\/schema\/logo\/image\/\"}}]}<\/script>\n<!-- \/ Yoast SEO plugin. -->","yoast_head_json":{"title":"The Palace Journal - Riad Palais Lamrani","description":"The Palace Journal immerses you in the world of Palais Lamrani through articles on the art of living and the soul of this exceptional place.","robots":{"index":"index","follow":"follow","max-snippet":"max-snippet:-1","max-image-preview":"max-image-preview:large","max-video-preview":"max-video-preview:-1"},"canonical":"https:\/\/www.palaislamrani.net\/en\/the-palace-journal\/","og_locale":"en_US","og_type":"article","og_title":"The Palace Journal - Riad Palais Lamrani","og_description":"The Palace Journal immerses you in the world of Palais Lamrani through articles on the art of living and the soul of this exceptional place.","og_url":"https:\/\/www.palaislamrani.net\/en\/the-palace-journal\/","og_site_name":"Palais Laamrani","article_modified_time":"2025-12-30T15:41:29+00:00","og_image":[{"url":"https:\/\/www.palaislamrani.net\/en\/wp-content\/uploads\/2025\/12\/A-Historic-and-Sensory-Gem-in-the-Heart-of-Marrakech-780x396.webp","type":"","width":"","height":""}],"twitter_card":"summary_large_image","twitter_misc":{"Est. reading time":"2 minutes"},"schema":{"@context":"https:\/\/schema.org","@graph":[{"@type":"WebPage","@id":"https:\/\/www.palaislamrani.net\/en\/the-palace-journal\/","url":"https:\/\/www.palaislamrani.net\/en\/the-palace-journal\/","name":"The Palace Journal - Riad Palais Lamrani","isPartOf":{"@id":"https:\/\/www.palaislamrani.com\/#website"},"primaryImageOfPage":{"@id":"https:\/\/www.palaislamrani.net\/en\/the-palace-journal\/#primaryimage"},"image":{"@id":"https:\/\/www.palaislamrani.net\/en\/the-palace-journal\/#primaryimage"},"thumbnailUrl":"https:\/\/www.palaislamrani.net\/en\/wp-content\/uploads\/2025\/12\/A-Historic-and-Sensory-Gem-in-the-Heart-of-Marrakech-780x396.webp","datePublished":"2025-12-23T14:37:05+00:00","dateModified":"2025-12-30T15:41:29+00:00","description":"The Palace Journal immerses you in the world of Palais Lamrani through articles on the art of living and the soul of this exceptional place.","breadcrumb":{"@id":"https:\/\/www.palaislamrani.net\/en\/the-palace-journal\/#breadcrumb"},"inLanguage":"en-US","potentialAction":[{"@type":"ReadAction","target":["https:\/\/www.palaislamrani.net\/en\/the-palace-journal\/"]}]},{"@type":"ImageObject","inLanguage":"en-US","@id":"https:\/\/www.palaislamrani.net\/en\/the-palace-journal\/#primaryimage","url":"https:\/\/www.palaislamrani.net\/en\/wp-content\/uploads\/2025\/12\/A-Historic-and-Sensory-Gem-in-the-Heart-of-Marrakech-780x396.webp","contentUrl":"https:\/\/www.palaislamrani.net\/en\/wp-content\/uploads\/2025\/12\/A-Historic-and-Sensory-Gem-in-the-Heart-of-Marrakech-780x396.webp"},{"@type":"BreadcrumbList","@id":"https:\/\/www.palaislamrani.net\/en\/the-palace-journal\/#breadcrumb","itemListElement":[{"@type":"ListItem","position":1,"name":"Home","item":"https:\/\/www.palaislamrani.net\/en\/"},{"@type":"ListItem","position":2,"name":"The Palace Journal"}]},{"@type":"WebSite","@id":"https:\/\/www.palaislamrani.com\/#website","url":"https:\/\/www.palaislamrani.com\/","name":"Palais Laamrani","description":"","publisher":{"@id":"https:\/\/www.palaislamrani.com\/#organization"},"potentialAction":[{"@type":"SearchAction","target":{"@type":"EntryPoint","urlTemplate":"https:\/\/www.palaislamrani.com\/?s={search_term_string}"},"query-input":{"@type":"PropertyValueSpecification","valueRequired":true,"valueName":"search_term_string"}}],"inLanguage":"en-US"},{"@type":"Organization","@id":"https:\/\/www.palaislamrani.com\/#organization","name":"Palais Laamrani","url":"https:\/\/www.palaislamrani.com\/","logo":{"@type":"ImageObject","inLanguage":"en-US","@id":"https:\/\/www.palaislamrani.com\/#\/schema\/logo\/image\/","url":"https:\/\/www.palaislamrani.net\/en\/wp-content\/uploads\/2025\/12\/Riad-Restaurant-in-the-medinas-of-Marrakech.webp","contentUrl":"https:\/\/www.palaislamrani.net\/en\/wp-content\/uploads\/2025\/12\/Riad-Restaurant-in-the-medinas-of-Marrakech.webp","width":300,"height":119,"caption":"Palais Laamrani"},"image":{"@id":"https:\/\/www.palaislamrani.com\/#\/schema\/logo\/image\/"}}]}},"_links":{"self":[{"href":"https:\/\/www.palaislamrani.net\/en\/wp-json\/wp\/v2\/pages\/6023","targetHints":{"allow":["GET"]}}],"collection":[{"href":"https:\/\/www.palaislamrani.net\/en\/wp-json\/wp\/v2\/pages"}],"about":[{"href":"https:\/\/www.palaislamrani.net\/en\/wp-json\/wp\/v2\/types\/page"}],"author":[{"embeddable":true,"href":"https:\/\/www.palaislamrani.net\/en\/wp-json\/wp\/v2\/users\/2"}],"replies":[{"embeddable":true,"href":"https:\/\/www.palaislamrani.net\/en\/wp-json\/wp\/v2\/comments?post=6023"}],"version-history":[{"count":25,"href":"https:\/\/www.palaislamrani.net\/en\/wp-json\/wp\/v2\/pages\/6023\/revisions"}],"predecessor-version":[{"id":6578,"href":"https:\/\/www.palaislamrani.net\/en\/wp-json\/wp\/v2\/pages\/6023\/revisions\/6578"}],"wp:attachment":[{"href":"https:\/\/www.palaislamrani.net\/en\/wp-json\/wp\/v2\/media?parent=6023"}],"curies":[{"name":"wp","href":"https:\/\/api.w.org\/{rel}","templated":true}]}}